{"id":26,"date":"2024-01-27T23:55:03","date_gmt":"2024-01-27T22:55:03","guid":{"rendered":"https:\/\/celinenv-psy.fr\/?page_id=26"},"modified":"2025-09-17T11:18:33","modified_gmt":"2025-09-17T09:18:33","slug":"bilans","status":"publish","type":"page","link":"https:\/\/celinenv-psy.fr\/","title":{"rendered":"Bilan psychologique"},"content":{"rendered":"\n<p>Lorsque votre enfant, adolescent.e ou jeune adulte rencontre des difficult\u00e9s scolaires, de comportement, d\u2019attention, ou s\u2019il pr\u00e9sente certaines caract\u00e9ristiques de pr\u00e9cocit\u00e9 intellectuelle, il s\u2019av\u00e8re utile de r\u00e9aliser un bilan psychologique et\/ou psychom\u00e9trique. Les tests psychom\u00e9triques et projectifs identifient les difficult\u00e9s de votre enfant afin de soutenir une prise en charge adapt\u00e9e et pluridisciplinaire.<\/p>\n\n\n\n<p><\/p>\n\n\n\n<p>D\u00e9roulement<\/p>\n\n\n\n<ul class=\"wp-block-list\">\n<li>entretien pr\u00e9liminaire avec les parents<\/li>\n\n\n\n<li>entretien avec l\u2019enfant, avec ou sans test projectif<\/li>\n\n\n\n<li>passation des tests psychom\u00e9triques (WISC-V, WIPPSI-IV, NEPSY-II, KABC-II, NEMI-3, SSIS SEL,&#8230;)<\/li>\n\n\n\n<li>entretien parents\/enfant : restitution, indication, compte-rendu<\/li>\n<\/ul>\n","protected":false},"excerpt":{"rendered":"<p>Lorsque votre enfant, adolescent.e ou jeune adulte rencontre des difficult\u00e9s scolaires, de comportement, d\u2019attention, ou s\u2019il pr\u00e9sente certaines caract\u00e9ristiques de pr\u00e9cocit\u00e9 intellectuelle, il s\u2019av\u00e8re utile de r\u00e9aliser un bilan psychologique et\/ou psychom\u00e9trique. Les tests psychom\u00e9triques et projectifs identifient les difficult\u00e9s de votre enfant afin de soutenir une prise en charge adapt\u00e9e et pluridisciplinaire. D\u00e9roulement<\/p>\n","protected":false},"author":1,"featured_media":0,"parent":0,"menu_order":0,"comment_status":"closed","ping_status":"closed","template":"","meta":{"footnotes":""},"class_list":["post-26","page","type-page","status-publish","hentry","entry"],"_links":{"self":[{"href":"https:\/\/celinenv-psy.fr\/index.php?rest_route=\/wp\/v2\/pages\/26","targetHints":{"allow":["GET"]}}],"collection":[{"href":"https:\/\/celinenv-psy.fr\/index.php?rest_route=\/wp\/v2\/pages"}],"about":[{"href":"https:\/\/celinenv-psy.fr\/index.php?rest_route=\/wp\/v2\/types\/page"}],"author":[{"embeddable":true,"href":"https:\/\/celinenv-psy.fr\/index.php?rest_route=\/wp\/v2\/users\/1"}],"replies":[{"embeddable":true,"href":"https:\/\/celinenv-psy.fr\/index.php?rest_route=%2Fwp%2Fv2%2Fcomments&post=26"}],"version-history":[{"count":7,"href":"https:\/\/celinenv-psy.fr\/index.php?rest_route=\/wp\/v2\/pages\/26\/revisions"}],"predecessor-version":[{"id":95,"href":"https:\/\/celinenv-psy.fr\/index.php?rest_route=\/wp\/v2\/pages\/26\/revisions\/95"}],"wp:attachment":[{"href":"https:\/\/celinenv-psy.fr\/index.php?rest_route=%2Fwp%2Fv2%2Fmedia&parent=26"}],"curies":[{"name":"wp","href":"https:\/\/api.w.org\/{rel}","templated":true}]}}