{"id":27,"date":"2024-01-27T23:55:03","date_gmt":"2024-01-27T22:55:03","guid":{"rendered":"https:\/\/celinenv-psy.fr\/?page_id=27"},"modified":"2025-09-17T11:26:23","modified_gmt":"2025-09-17T09:26:23","slug":"psychotherapies","status":"publish","type":"page","link":"https:\/\/celinenv-psy.fr\/?page_id=27","title":{"rendered":"Psychoth\u00e9rapies (enfant et adolescent)"},"content":{"rendered":"\n<p class=\"has-text-align-left\">Le ressenti d\u2019un mal-\u00eatre, d\u2019une souffrance, qui dure, est un signe pour s\u2019accorder un temps de r\u00e9flexion et de mise en sens sur ces \u00e9preuves avec un.e clinicien.ne. La psychoth\u00e9rapie offre un accompagnement pour comprendre les m\u00e9canismes de fonctionnement sous-jacents \u00e0 ces \u00e9preuves, et ouvre \u00e0 d\u2019autres processus de r\u00e9gulations et de transformations structurantes.<\/p>\n\n\n\n<p>Plusieurs modalit\u00e9s psychoth\u00e9rapeutiques sont propos\u00e9es.<\/p>\n\n\n\n<p>La th\u00e9rapie par la parole, avec ou sans m\u00e9diation artistique, a pour objectif d\u2019accompagner la compr\u00e9hension des mouvements internes de r\u00e9sistances et de travailler sur ces but\u00e9es pour acc\u00e9der \u00e0 l\u2019autonomie et au libre choix dans les prises de d\u00e9cisions. Mon r\u00f4le est de vous soutenir dans ce cheminement au sein d\u2019une <strong>psychoth\u00e9rapie respectant votre temporalit\u00e9 psychique<\/strong>.<\/p>\n\n\n\n<p><strong>L\u2019approche th\u00e9rapeutique par les<\/strong> <strong>m\u00e9diations artistiques<\/strong> donne \u00e0 travailler ensemble sur la reconfiguration des liens. Elle est efficace parall\u00e8lement \u00e0 une parole qui ne peut encore se poser ou s\u2019\u00e9laborer. Cette approche se d\u00e9ploie au sein d\u2019un groupe (enfants, adolescents) ou en individuel.<\/p>\n\n\n\n<p>L\u2019objectif est d\u2019aider \u00e0 contenir les tensions \u00e9motionnelles li\u00e9es aux conflits internes engendr\u00e9s par ce probl\u00e8me. La d\u00e9marche se fonde sur la mobilisation des ressources cr\u00e9atrices pour faire \u00e9merger des r\u00e9ponses effectives et r\u00e9alisables.<\/p>\n\n\n\n<p><\/p>\n","protected":false},"excerpt":{"rendered":"<p>Le ressenti d\u2019un mal-\u00eatre, d\u2019une souffrance, qui dure, est un signe pour s\u2019accorder un temps de r\u00e9flexion et de mise en sens sur ces \u00e9preuves avec un.e clinicien.ne. La psychoth\u00e9rapie offre un accompagnement pour comprendre les m\u00e9canismes de fonctionnement sous-jacents \u00e0 ces \u00e9preuves, et ouvre \u00e0 d\u2019autres processus de r\u00e9gulations et de transformations structurantes. Plusieurs [&hellip;]<\/p>\n","protected":false},"author":1,"featured_media":0,"parent":0,"menu_order":0,"comment_status":"closed","ping_status":"closed","template":"","meta":{"footnotes":""},"class_list":["post-27","page","type-page","status-publish","hentry","entry"],"_links":{"self":[{"href":"https:\/\/celinenv-psy.fr\/index.php?rest_route=\/wp\/v2\/pages\/27","targetHints":{"allow":["GET"]}}],"collection":[{"href":"https:\/\/celinenv-psy.fr\/index.php?rest_route=\/wp\/v2\/pages"}],"about":[{"href":"https:\/\/celinenv-psy.fr\/index.php?rest_route=\/wp\/v2\/types\/page"}],"author":[{"embeddable":true,"href":"https:\/\/celinenv-psy.fr\/index.php?rest_route=\/wp\/v2\/users\/1"}],"replies":[{"embeddable":true,"href":"https:\/\/celinenv-psy.fr\/index.php?rest_route=%2Fwp%2Fv2%2Fcomments&post=27"}],"version-history":[{"count":5,"href":"https:\/\/celinenv-psy.fr\/index.php?rest_route=\/wp\/v2\/pages\/27\/revisions"}],"predecessor-version":[{"id":96,"href":"https:\/\/celinenv-psy.fr\/index.php?rest_route=\/wp\/v2\/pages\/27\/revisions\/96"}],"wp:attachment":[{"href":"https:\/\/celinenv-psy.fr\/index.php?rest_route=%2Fwp%2Fv2%2Fmedia&parent=27"}],"curies":[{"name":"wp","href":"https:\/\/api.w.org\/{rel}","templated":true}]}}