{"id":38,"date":"2024-01-28T12:42:33","date_gmt":"2024-01-28T11:42:33","guid":{"rendered":"https:\/\/celinenv-psy.fr\/?page_id=38"},"modified":"2025-09-17T11:12:51","modified_gmt":"2025-09-17T09:12:51","slug":"groupes-danalyse","status":"publish","type":"page","link":"https:\/\/celinenv-psy.fr\/?page_id=38","title":{"rendered":"Groupe d\u2019analyse des pratiques"},"content":{"rendered":"\n<p>Le monde du travail, par des ph\u00e9nom\u00e8nes d\u2019emboitements, provoque des d\u00e9placements de mat\u00e9riaux anxiog\u00e8nes sur les pratiques et dispositifs conduits par les professionnels. Il est alors n\u00e9cessaire d\u2019endiguer la contagion de ces mouvements toxiques, de les analyser pour consolider et int\u00e9rioriser des strat\u00e9gies plus robustes.<\/p>\n\n\n\n<p>Le dispositif groupal propos\u00e9 donne \u00e0 repenser dans un espace s\u00e9curisant et serein les mouvements agressifs, attaquants et d\u00e9structurants des lieux d\u2019intervention, et de se r\u00e9approprier ses comp\u00e9tences, ses outils et sa posture professionnels.<\/p>\n\n\n\n<p><\/p>\n","protected":false},"excerpt":{"rendered":"<p>Le monde du travail, par des ph\u00e9nom\u00e8nes d\u2019emboitements, provoque des d\u00e9placements de mat\u00e9riaux anxiog\u00e8nes sur les pratiques et dispositifs conduits par les professionnels. Il est alors n\u00e9cessaire d\u2019endiguer la contagion de ces mouvements toxiques, de les analyser pour consolider et int\u00e9rioriser des strat\u00e9gies plus robustes. Le dispositif groupal propos\u00e9 donne \u00e0 repenser dans un espace [&hellip;]<\/p>\n","protected":false},"author":1,"featured_media":0,"parent":0,"menu_order":0,"comment_status":"closed","ping_status":"closed","template":"","meta":{"footnotes":""},"class_list":["post-38","page","type-page","status-publish","hentry","entry"],"_links":{"self":[{"href":"https:\/\/celinenv-psy.fr\/index.php?rest_route=\/wp\/v2\/pages\/38","targetHints":{"allow":["GET"]}}],"collection":[{"href":"https:\/\/celinenv-psy.fr\/index.php?rest_route=\/wp\/v2\/pages"}],"about":[{"href":"https:\/\/celinenv-psy.fr\/index.php?rest_route=\/wp\/v2\/types\/page"}],"author":[{"embeddable":true,"href":"https:\/\/celinenv-psy.fr\/index.php?rest_route=\/wp\/v2\/users\/1"}],"replies":[{"embeddable":true,"href":"https:\/\/celinenv-psy.fr\/index.php?rest_route=%2Fwp%2Fv2%2Fcomments&post=38"}],"version-history":[{"count":7,"href":"https:\/\/celinenv-psy.fr\/index.php?rest_route=\/wp\/v2\/pages\/38\/revisions"}],"predecessor-version":[{"id":90,"href":"https:\/\/celinenv-psy.fr\/index.php?rest_route=\/wp\/v2\/pages\/38\/revisions\/90"}],"wp:attachment":[{"href":"https:\/\/celinenv-psy.fr\/index.php?rest_route=%2Fwp%2Fv2%2Fmedia&parent=38"}],"curies":[{"name":"wp","href":"https:\/\/api.w.org\/{rel}","templated":true}]}}